{"id":780,"date":"2024-03-06T13:10:22","date_gmt":"2024-03-06T12:10:22","guid":{"rendered":"https:\/\/www.sanizoo.it\/societe\/"},"modified":"2024-06-11T11:04:21","modified_gmt":"2024-06-11T09:04:21","slug":"societe","status":"publish","type":"page","link":"https:\/\/www.sanizoo.it\/fr\/societe\/","title":{"rendered":"Soci\u00e9t\u00e9"},"content":{"rendered":"\t\t<div data-elementor-type=\"wp-page\" data-elementor-id=\"780\" class=\"elementor elementor-780 elementor-244\" data-elementor-post-type=\"page\">\r\n\t\t\t\t\t\t<section class=\"elementor-section elementor-top-section elementor-element elementor-element-f559c96 elementor-section-height-min-height elementor-section-boxed elementor-section-height-default elementor-section-items-middle\" data-id=\"f559c96\" data-element_type=\"section\" data-settings=\"{&quot;background_background&quot;:&quot;classic&quot;}\">\r\n\t\t\t\t\t\t<div class=\"elementor-container elementor-column-gap-default\">\r\n\t\t\t\t\t<div class=\"elementor-column elementor-col-100 elementor-top-column elementor-element elementor-element-fa1a048\" data-id=\"fa1a048\" data-element_type=\"column\">\r\n\t\t\t<div class=\"elementor-widget-wrap elementor-element-populated\">\r\n\t\t\t\t\t\t<div class=\"elementor-element elementor-element-af74486 elementor-position-right elementor-vertical-align-middle riqimg elementor-invisible elementor-widget elementor-widget-image-box\" data-id=\"af74486\" data-element_type=\"widget\" data-settings=\"{&quot;_animation&quot;:&quot;fadeInLeft&quot;,&quot;_animation_delay&quot;:100}\" data-widget_type=\"image-box.default\">\r\n\t\t\t\t<div class=\"elementor-widget-container\">\r\n\t\t\t\t\t<div class=\"elementor-image-box-wrapper\"><figure class=\"elementor-image-box-img\"><img decoding=\"async\" width=\"150\" height=\"170\" src=\"https:\/\/www.sanizoo.it\/wp-content\/uploads\/pittogramma-titolo-sanizoo.png\" class=\"attachment-full size-full wp-image-314\" alt=\"\" \/><\/figure><div class=\"elementor-image-box-content\"><p class=\"elementor-image-box-description\">sanizoo | premixes &amp; feed additives<\/p><\/div><\/div>\t\t\t\t<\/div>\r\n\t\t\t\t<\/div>\r\n\t\t\t\t\t<\/div>\r\n\t\t<\/div>\r\n\t\t\t\t\t<\/div>\r\n\t\t<\/section>\r\n\t\t\t\t<section class=\"elementor-section elementor-top-section elementor-element elementor-element-4dd4082 elementor-section-boxed elementor-section-height-default elementor-section-height-default\" data-id=\"4dd4082\" data-element_type=\"section\" id=\"qualita\">\r\n\t\t\t\t\t\t<div class=\"elementor-container elementor-column-gap-default\">\r\n\t\t\t\t\t<div class=\"elementor-column elementor-col-100 elementor-top-column elementor-element elementor-element-31cab49\" data-id=\"31cab49\" data-element_type=\"column\">\r\n\t\t\t<div class=\"elementor-widget-wrap elementor-element-populated\">\r\n\t\t\t\t\t\t<div class=\"elementor-element elementor-element-601786d elementor-widget elementor-widget-text-editor\" data-id=\"601786d\" data-element_type=\"widget\" data-widget_type=\"text-editor.default\">\r\n\t\t\t\t<div class=\"elementor-widget-container\">\r\n\t\t\t\t\t\t\t\t\t<p>La soci\u00e9t\u00e9 Sanizoo est sp\u00e9cialis\u00e9e dans la conception, la formulation, la pr\u00e9paration et la distribution d\u2019aliments et de compl\u00e9ments alimentaires multivitamin\u00e9s et antioxydants&#8230; La nutrition des animaux d\u2019\u00e9levage, visant \u00e0 am\u00e9liorer les performances et le bien-\u00eatre de l\u2019animal, est devenue au fil des ans un aspect fondamental et la client\u00e8le a reconnu dans ce domaine la qualit\u00e9 sup\u00e9rieure des produits Sanizoo. Notre soci\u00e9t\u00e9 a donc continu\u00e9 sur la voie de l\u2019actualisation, du conseil et de la recherche de solutions et de produits, pour affronter les d\u00e9fis futurs avec ses clients.<\/p>\n\t\t\t\t\t\t\t\t<\/div>\r\n\t\t\t\t<\/div>\r\n\t\t\t\t<section class=\"elementor-section elementor-inner-section elementor-element elementor-element-2c96630 sezintconmargini elementor-section-boxed elementor-section-height-default elementor-section-height-default\" data-id=\"2c96630\" data-element_type=\"section\" data-settings=\"{&quot;background_background&quot;:&quot;classic&quot;}\">\r\n\t\t\t\t\t\t<div class=\"elementor-container elementor-column-gap-default\">\r\n\t\t\t\t\t<div class=\"elementor-column elementor-col-50 elementor-inner-column elementor-element elementor-element-145d71c\" data-id=\"145d71c\" data-element_type=\"column\">\r\n\t\t\t<div class=\"elementor-widget-wrap elementor-element-populated\">\r\n\t\t\t\t\t\t<div class=\"elementor-element elementor-element-2d75ee7 elementor-widget elementor-widget-heading\" data-id=\"2d75ee7\" data-element_type=\"widget\" data-widget_type=\"heading.default\">\r\n\t\t\t\t<div class=\"elementor-widget-container\">\r\n\t\t\t\t\t<h3 class=\"elementor-heading-title elementor-size-default\">Sanizoo: Politique de Qualit\u00e9<\/h3>\t\t\t\t<\/div>\r\n\t\t\t\t<\/div>\r\n\t\t\t\t<div class=\"elementor-element elementor-element-3664532 elementor-widget elementor-widget-heading\" data-id=\"3664532\" data-element_type=\"widget\" data-widget_type=\"heading.default\">\r\n\t\t\t\t<div class=\"elementor-widget-container\">\r\n\t\t\t\t\t<h5 class=\"elementor-heading-title elementor-size-default\">All. I MQMHACCP | Rev.: 04 | Date: 15\/01\/2024<\/h5>\t\t\t\t<\/div>\r\n\t\t\t\t<\/div>\r\n\t\t\t\t\t<\/div>\r\n\t\t<\/div>\r\n\t\t\t\t<div class=\"elementor-column elementor-col-50 elementor-inner-column elementor-element elementor-element-e233507\" data-id=\"e233507\" data-element_type=\"column\">\r\n\t\t\t<div class=\"elementor-widget-wrap elementor-element-populated\">\r\n\t\t\t\t\t\t<div class=\"elementor-element elementor-element-24fa538 elementor-align-left elementor-mobile-align-center elementor-widget elementor-widget-button\" data-id=\"24fa538\" data-element_type=\"widget\" data-widget_type=\"button.default\">\r\n\t\t\t\t<div class=\"elementor-widget-container\">\r\n\t\t\t\t\t\t\t\t\t<div class=\"elementor-button-wrapper\">\r\n\t\t\t\t\t<a class=\"elementor-button elementor-button-link elementor-size-sm elementor-animation-shrink\" href=\"https:\/\/www.sanizoo.it\/wp-content\/uploads\/politica-qualita-rev-4.pdf\" target=\"_blank\">\r\n\t\t\t\t\t\t<span class=\"elementor-button-content-wrapper\">\r\n\t\t\t\t\t\t\t\t\t<span class=\"elementor-button-text\">DOWNLOAD PDF<\/span>\r\n\t\t\t\t\t<\/span>\r\n\t\t\t\t\t<\/a>\r\n\t\t\t\t<\/div>\r\n\t\t\t\t\t\t\t\t<\/div>\r\n\t\t\t\t<\/div>\r\n\t\t\t\t\t<\/div>\r\n\t\t<\/div>\r\n\t\t\t\t\t<\/div>\r\n\t\t<\/section>\r\n\t\t\t\t<div class=\"elementor-element elementor-element-118919b elementor-widget elementor-widget-spacer\" data-id=\"118919b\" data-element_type=\"widget\" data-widget_type=\"spacer.default\">\r\n\t\t\t\t<div class=\"elementor-widget-container\">\r\n\t\t\t\t\t\t\t<div class=\"elementor-spacer\">\r\n\t\t\t<div class=\"elementor-spacer-inner\"><\/div>\r\n\t\t<\/div>\r\n\t\t\t\t\t\t<\/div>\r\n\t\t\t\t<\/div>\r\n\t\t\t\t<div class=\"elementor-element elementor-element-ce596a7 elementor-widget elementor-widget-heading\" data-id=\"ce596a7\" data-element_type=\"widget\" data-widget_type=\"heading.default\">\r\n\t\t\t\t<div class=\"elementor-widget-container\">\r\n\t\t\t\t\t<h2 class=\"elementor-heading-title elementor-size-default\">Un peu d'histoire...<\/h2>\t\t\t\t<\/div>\r\n\t\t\t\t<\/div>\r\n\t\t\t\t<div class=\"elementor-element elementor-element-84db0ed elementor-widget-divider--view-line elementor-widget elementor-widget-divider\" data-id=\"84db0ed\" data-element_type=\"widget\" data-widget_type=\"divider.default\">\r\n\t\t\t\t<div class=\"elementor-widget-container\">\r\n\t\t\t\t\t\t\t<div class=\"elementor-divider\">\r\n\t\t\t<span class=\"elementor-divider-separator\">\r\n\t\t\t\t\t\t<\/span>\r\n\t\t<\/div>\r\n\t\t\t\t\t\t<\/div>\r\n\t\t\t\t<\/div>\r\n\t\t\t\t<div class=\"elementor-element elementor-element-128c092 elementor-widget elementor-widget-timeline-widget-addon\" data-id=\"128c092\" data-element_type=\"widget\" data-widget_type=\"timeline-widget-addon.default\">\r\n\t\t\t\t<div class=\"elementor-widget-container\">\r\n\t\t\t\t\t<!-- ========= Timeline Widget Addon For Elementor 1.6.12 ========= -->\r\n<div id=\"twae-wrapper-128c092\" class=\"twae-vertical twae-wrapper  twae-vertical-right\">   \r\n    <div class=\"twae-start\"><\/div>    \r\n    <div id=\"twea-timeline-128c092\" class=\"twae-timeline\" ><!-- Start of Story Repeater Content --><div id=\"story-df513c2\" class=\"twae-story twae-repeater-item twae-story-right twae-story-no-icon\"><!-- Story Label --><div class=\"twae-labels\"><div class=\"twae-label-big\">1978<\/div><\/div><!-- Story Icon --><div class=\"twae-icon\"><i aria-hidden=\"true\" class=\"far fa-clock\"><\/i><\/div><!-- Story Arrow --><div class=\"twae-arrow\"><\/div><!-- Start of Story Content --><div class=\"twae-content\"><!-- Story Title --><div class=\"twae-title\">Naissance de Sanizoo<\/div><!-- Story Description --><div class=\"twae-description\"><p>Fondation de Sanizoo: la soci\u00e9t\u00e9 s\u2019occupe principalement de la distribution d\u2019aliments et de m\u00e9dicaments v\u00e9t\u00e9rinaires en Italie.<\/p>\n<\/div><\/div><\/div><!-- Start of Story Repeater Content --><div id=\"story-548ce73\" class=\"twae-story twae-repeater-item twae-story-right twae-story-no-icon\"><!-- Story Label --><div class=\"twae-labels\"><div class=\"twae-label-big\">Les ann\u00e9es '90<\/div><\/div><!-- Story Icon --><div class=\"twae-icon\"><i aria-hidden=\"true\" class=\"far fa-clock\"><\/i><\/div><!-- Story Arrow --><div class=\"twae-arrow\"><\/div><!-- Start of Story Content --><div class=\"twae-content\"><!-- Story Title --><div class=\"twae-title\">Sanizoo est sp\u00e9cialis\u00e9<\/div><!-- Story Description --><div class=\"twae-description\"><p>Sanizoo effectue un choix de march\u00e9 strat\u00e9gique: la soci\u00e9t\u00e9 abandonne la production de m\u00e9dicaments en raison de la r\u00e9duction de la demande du march\u00e9 et des d\u00e9cisions prises par la Commission europ\u00e9enne, de plus en plus orient\u00e9e vers la r\u00e9duction, ou m\u00eame la non-utilisation par les fabricants d\u2019aliments pour animaux de produits tels que antibiotiques, auxines et facteurs de croissance. En effet, tous ces types de m\u00e9dicaments, que les diff\u00e9rentes entreprises de nourriture pour animaux pouvaient utiliser \u00e0 une \u00e9poque sans interdictions, d\u00e9pendent aujourd'hui exclusivement de la l\u00e9gislation v\u00e9t\u00e9rinaire en termes de pr\u00e9paration et de commercialisation.<\/p>\n<\/div><\/div><\/div><!-- Start of Story Repeater Content --><div id=\"story-8c73a51\" class=\"twae-story twae-repeater-item twae-story-right twae-story-no-icon\"><!-- Story Label --><div class=\"twae-labels\"><div class=\"twae-label-big\">Les ann\u00e9es 2000<\/div><\/div><!-- Story Icon --><div class=\"twae-icon\"><i aria-hidden=\"true\" class=\"far fa-clock\"><\/i><\/div><!-- Story Arrow --><div class=\"twae-arrow\"><\/div><!-- Start of Story Content --><div class=\"twae-content\"><!-- Story Title --><div class=\"twae-title\">Sanizoo s'\u00e9tend<\/div><!-- Story Description --><div class=\"twae-description\"><p>Sanizoo distribue r\u00e9guli\u00e8rement ses produits sur les march\u00e9s d'Afrique du Nord, d'Asie et du Moyen-Orient. Pour la distribution de ses pr\u00e9parations, la soci\u00e9t\u00e9, toujours \u00e0 l'\u00e9coute des besoins des clients, pr\u00e9pare de nouveaux formats, plus petits, fortement demand\u00e9s en particulier par les entreprises \u00e9trang\u00e8res.<\/p>\n<\/div><\/div><\/div><!-- Start of Story Repeater Content --><div id=\"story-41562d0\" class=\"twae-story twae-repeater-item twae-story-right twae-story-no-icon\"><!-- Story Label --><div class=\"twae-labels\"><div class=\"twae-label-big\">2006<\/div><\/div><!-- Story Icon --><div class=\"twae-icon\"><i aria-hidden=\"true\" class=\"far fa-clock\"><\/i><\/div><!-- Story Arrow --><div class=\"twae-arrow\"><\/div><!-- Start of Story Content --><div class=\"twae-content\"><!-- Story Title --><div class=\"twae-title\">Sanizoo est une r\u00e9alit\u00e9 mondiale<\/div><!-- Story Description --><div class=\"twae-description\"><p>Sanizoo am\u00e9liore ses relations clients \u00e0 l'\u00e9tranger et, \u00e9tant donn\u00e9 le succ\u00e8s de ses aliments pr\u00e9par\u00e9s pour animaux, la soci\u00e9t\u00e9 se sp\u00e9cialise et axe principalement son business sur les compl\u00e9ments alimentaires multivitamin\u00e9s et antioxydants.<\/p>\n<\/div><\/div><\/div><!-- Start of Story Repeater Content --><div id=\"story-41e797b\" class=\"twae-story twae-repeater-item twae-story-right twae-story-no-icon\"><!-- Story Label --><div class=\"twae-labels\"><div class=\"twae-label-big\">2018<\/div><\/div><!-- Story Icon --><div class=\"twae-icon\"><i aria-hidden=\"true\" class=\"far fa-clock\"><\/i><\/div><!-- Story Arrow --><div class=\"twae-arrow\"><\/div><!-- Start of Story Content --><div class=\"twae-content\"><!-- Story Title --><div class=\"twae-title\">Sanizoo est certifi\u00e9<\/div><!-- Story Description --><div class=\"twae-description\"><p>Sanizoo obtient la certification FAMI-QS<\/p>\n<\/div><\/div><\/div><\/div>\r\n    <div class=\"twae-end\"><\/div>\r\n    <\/div><style type=\"text\/css\">@media (max-width: 1024px){ .twae-wrapper{--tw-ybx-size: 80px !important;}}@media (max-width: 767px){ .twae-wrapper{--tw-ybx-size: 80px !important}}<\/style>\t\t\t\t<\/div>\r\n\t\t\t\t<\/div>\r\n\t\t\t\t\t<\/div>\r\n\t\t<\/div>\r\n\t\t\t\t\t<\/div>\r\n\t\t<\/section>\r\n\t\t\t\t<\/div>\r\n\t\t","protected":false},"excerpt":{"rendered":"<p>sanizoo | premixes &amp; feed additives La soci\u00e9t\u00e9 Sanizoo est sp\u00e9cialis\u00e9e dans la conception, la formulation, la pr\u00e9paration et la distribution d\u2019aliments et de compl\u00e9ments alimentaires multivitamin\u00e9s et antioxydants&#8230; La nutrition des animaux d\u2019\u00e9levage, visant \u00e0 am\u00e9liorer les performances et le bien-\u00eatre de l\u2019animal, est devenue au fil des ans un aspect fondamental et la [&hellip;]<\/p>\n","protected":false},"author":2,"featured_media":0,"parent":0,"menu_order":1,"comment_status":"closed","ping_status":"closed","template":"elementor_header_footer","meta":{"footnotes":""},"class_list":["post-780","page","type-page","status-publish","hentry"],"_links":{"self":[{"href":"https:\/\/www.sanizoo.it\/fr\/wp-json\/wp\/v2\/pages\/780","targetHints":{"allow":["GET"]}}],"collection":[{"href":"https:\/\/www.sanizoo.it\/fr\/wp-json\/wp\/v2\/pages"}],"about":[{"href":"https:\/\/www.sanizoo.it\/fr\/wp-json\/wp\/v2\/types\/page"}],"author":[{"embeddable":true,"href":"https:\/\/www.sanizoo.it\/fr\/wp-json\/wp\/v2\/users\/2"}],"replies":[{"embeddable":true,"href":"https:\/\/www.sanizoo.it\/fr\/wp-json\/wp\/v2\/comments?post=780"}],"version-history":[{"count":7,"href":"https:\/\/www.sanizoo.it\/fr\/wp-json\/wp\/v2\/pages\/780\/revisions"}],"predecessor-version":[{"id":1066,"href":"https:\/\/www.sanizoo.it\/fr\/wp-json\/wp\/v2\/pages\/780\/revisions\/1066"}],"wp:attachment":[{"href":"https:\/\/www.sanizoo.it\/fr\/wp-json\/wp\/v2\/media?parent=780"}],"curies":[{"name":"wp","href":"https:\/\/api.w.org\/{rel}","templated":true}]}}